{"id":142,"date":"2026-02-20T21:58:20","date_gmt":"2026-02-20T18:58:20","guid":{"rendered":"https:\/\/teacherpal.com.tr\/wwwweb\/?post_type=product&#038;p=142"},"modified":"2026-02-26T11:43:03","modified_gmt":"2026-02-26T08:43:03","slug":"teacherpal-egitim-robotu-bilge","status":"publish","type":"product","link":"https:\/\/teacherpal.com.tr\/wwwweb\/?product=teacherpal-egitim-robotu-bilge","title":{"rendered":"TeacherPal E\u011fitim Robotu (Bilge)"},"content":{"rendered":"<p>Yapay zeka destekli<\/p>\n<p>\u00c7ocuk dostu<\/p>\n<p>\u00c7ocu\u011fun duygusunu analiz eden<\/p>\n<p>E\u011fitim robotu<\/p>\n","protected":false},"excerpt":{"rendered":"<p>3 &#8211; 12 ya\u015f aras\u0131 \u00e7ocuklar i\u00e7in yapay zeka destekli e\u011fitim robotu<\/p>\n","protected":false},"featured_media":150,"template":"","meta":[],"product_brand":[],"product_cat":[17],"product_tag":[],"class_list":{"0":"post-142","1":"product","2":"type-product","3":"status-publish","4":"has-post-thumbnail","6":"product_cat-genel","7":"product_shipping_class-dhl","9":"first","10":"instock","11":"sold-individually","12":"taxable","13":"shipping-taxable","14":"purchasable","15":"product-type-simple"},"_links":{"self":[{"href":"https:\/\/teacherpal.com.tr\/wwwweb\/index.php?rest_route=\/wp\/v2\/product\/142","targetHints":{"allow":["GET"]}}],"collection":[{"href":"https:\/\/teacherpal.com.tr\/wwwweb\/index.php?rest_route=\/wp\/v2\/product"}],"about":[{"href":"https:\/\/teacherpal.com.tr\/wwwweb\/index.php?rest_route=\/wp\/v2\/types\/product"}],"wp:featuredmedia":[{"embeddable":true,"href":"https:\/\/teacherpal.com.tr\/wwwweb\/index.php?rest_route=\/wp\/v2\/media\/150"}],"wp:attachment":[{"href":"https:\/\/teacherpal.com.tr\/wwwweb\/index.php?rest_route=%2Fwp%2Fv2%2Fmedia&parent=142"}],"wp:term":[{"taxonomy":"product_brand","embeddable":true,"href":"https:\/\/teacherpal.com.tr\/wwwweb\/index.php?rest_route=%2Fwp%2Fv2%2Fproduct_brand&post=142"},{"taxonomy":"product_cat","embeddable":true,"href":"https:\/\/teacherpal.com.tr\/wwwweb\/index.php?rest_route=%2Fwp%2Fv2%2Fproduct_cat&post=142"},{"taxonomy":"product_tag","embeddable":true,"href":"https:\/\/teacherpal.com.tr\/wwwweb\/index.php?rest_route=%2Fwp%2Fv2%2Fproduct_tag&post=142"}],"curies":[{"name":"wp","href":"https:\/\/api.w.org\/{rel}","templated":true}]}}