{"id":36,"date":"2026-02-12T21:29:46","date_gmt":"2026-02-12T18:29:46","guid":{"rendered":"https:\/\/teacherpal.com.tr\/wwwweb\/?page_id=36"},"modified":"2026-02-12T21:29:46","modified_gmt":"2026-02-12T18:29:46","slug":"hesabim","status":"publish","type":"page","link":"https:\/\/teacherpal.com.tr\/wwwweb\/?page_id=36","title":{"rendered":"Hesab\u0131m"},"content":{"rendered":"<div class=\"woocommerce\"><div class=\"woocommerce-notices-wrapper\"><\/div>\n\n<div class=\"u-columns col2-set\" id=\"customer_login\">\n\n\t<div class=\"u-column1 col-1\">\n\n\n\t\t<h2>Giri\u015f Yap<\/h2>\n\n\t\t<form class=\"woocommerce-form woocommerce-form-login login\" method=\"post\" novalidate>\n\n\t\t\t\n\t\t\t<p class=\"woocommerce-form-row woocommerce-form-row--wide form-row form-row-wide\">\n\t\t\t\t<label for=\"username\">Kullan\u0131c\u0131 ad\u0131 veya e-posta adresi&nbsp;<span class=\"required\" aria-hidden=\"true\">*<\/span><span class=\"screen-reader-text\">Gerekli<\/span><\/label>\n\t\t\t\t<input type=\"text\" class=\"woocommerce-Input woocommerce-Input--text input-text\" name=\"username\" id=\"username\" autocomplete=\"username\" value=\"\" required aria-required=\"true\" \/>\t\t\t<\/p>\n\t\t\t<p class=\"woocommerce-form-row woocommerce-form-row--wide form-row form-row-wide\">\n\t\t\t\t<label for=\"password\">Parola&nbsp;<span class=\"required\" aria-hidden=\"true\">*<\/span><span class=\"screen-reader-text\">Gerekli<\/span><\/label>\n\t\t\t\t<input class=\"woocommerce-Input woocommerce-Input--text input-text\" type=\"password\" name=\"password\" id=\"password\" autocomplete=\"current-password\" required aria-required=\"true\" \/>\n\t\t\t<\/p>\n\n\t\t\t\n\t\t\t<p class=\"form-row\">\n\t\t\t\t<label class=\"woocommerce-form__label woocommerce-form__label-for-checkbox woocommerce-form-login__rememberme\">\n\t\t\t\t\t<input class=\"woocommerce-form__input woocommerce-form__input-checkbox\" name=\"rememberme\" type=\"checkbox\" id=\"rememberme\" value=\"forever\" \/> <span>Beni hat\u0131rla<\/span>\n\t\t\t\t<\/label>\n\t\t\t\t<input type=\"hidden\" id=\"woocommerce-login-nonce\" name=\"woocommerce-login-nonce\" value=\"c9da8c5de5\" \/><input type=\"hidden\" name=\"_wp_http_referer\" value=\"\/wwwweb\/index.php?rest_route=%2Fwp%2Fv2%2Fpages%2F36\" \/>\t\t\t\t<button type=\"submit\" class=\"woocommerce-button button woocommerce-form-login__submit\" name=\"login\" value=\"Giri\u015f Yap\">Giri\u015f Yap<\/button>\n\t\t\t<\/p>\n\t\t\t<p class=\"woocommerce-LostPassword lost_password\">\n\t\t\t\t<a href=\"https:\/\/teacherpal.com.tr\/wwwweb\/?page_id=36&#038;lost-password\">Parolan\u0131z\u0131 m\u0131 unuttunuz?<\/a>\n\t\t\t<\/p>\n\n\t\t\t\n\t\t<\/form>\n\n\n\t<\/div>\n\n\t<div class=\"u-column2 col-2\">\n\n\t\t<h2>\u00dcye Ol<\/h2>\n\n\t\t<form method=\"post\" class=\"woocommerce-form woocommerce-form-register register\"  >\n\n\t\t\t\n\t\t\t\n\t\t\t<p class=\"woocommerce-form-row woocommerce-form-row--wide form-row form-row-wide\">\n\t\t\t\t<label for=\"reg_email\">E-posta adresi&nbsp;<span class=\"required\" aria-hidden=\"true\">*<\/span><span class=\"screen-reader-text\">Gerekli<\/span><\/label>\n\t\t\t\t<input type=\"email\" class=\"woocommerce-Input woocommerce-Input--text input-text\" name=\"email\" id=\"reg_email\" autocomplete=\"email\" value=\"\" required aria-required=\"true\" \/>\t\t\t<\/p>\n\n\t\t\t\n\t\t\t\t<p>Yeni parola olu\u015fturman\u0131z i\u00e7in e-posta adresinize bir ba\u011flant\u0131 g\u00f6nderilecek.<\/p>\n\n\t\t\t\n\t\t\t    <script type=\"text\/javascript\">\r\n        function sendtf2Code(phone) {\r\n            var firstname = jQuery('#first_name').val();\r\n            var lastname = jQuery('#last_name').val();\r\n            var email = jQuery(\"input[name*='email']\").val();\r\n\r\n            var error = '';\r\n            if (firstname == '') {\r\n                error += '> \u0130sim girilmedi.\\n';\r\n            }\r\n            if (lastname == '') {\r\n                error += '> Soyisim girilmedi.\\n';\r\n            }\r\n            if (email == '') {\r\n                error += '> E-mail adresi girilmedi.\\n';\r\n            }\r\n            if (phone == '') {\r\n                error += '> Telefon numaras\u0131 girilmedi.\\n';\r\n            }\r\n\r\n            \r\n            if (error != '') {\r\n                alert('A\u015fa\u011f\u0131daki hatalar al\u0131nd\u0131 : \\n\\n' + error);\r\n                return false;\r\n            }\r\n\r\n            var data = {\r\n                'action': 'netgsm_sendtf2SMS',\r\n                'phone': phone,\r\n                'first_name': firstname,\r\n                'last_name': lastname,\r\n                'email': email\r\n            };\r\n\r\n            jQuery.post(ajaxurl, data, function(response) {\r\n                var endChar = response.substring(response.length - 1);\r\n                if (endChar == '0') {\r\n                    response = response.substring(0, (response.length - 1));\r\n                }\r\n                var obje = JSON.parse(response);\r\n                if (obje.status == 'success') {\r\n                    alert('L\u00fctfen ' + obje.phone + ' numaral\u0131 telefonunuza gelen g\u00fcvenlik kodunu giriniz.');\r\n                    jQuery('#tf2Codealert').html('*L\u00fctfen ' + obje.phone + ' numaral\u0131 telefonunuza gelen ' + obje.refno + ' referans numaral\u0131 g\u00fcvenlik kodunu giriniz.');\r\n                    document.getElementById(\"tf2Code\").focus();\r\n                    jQuery('#sendCode').prop('disabled', true);\r\n                } else {\r\n                    if (obje.status == 'error' && obje.state == 1) {\r\n                        alert(obje.data + ' L\u00fctfen site y\u00f6neticisi ile ileti\u015fime ge\u00e7in.');\r\n                    } else if (obje.status == 'error' && obje.state == 2) {\r\n                        alert(obje.data);\r\n                    } else if (obje.status == 'error' && obje.state == 4) {\r\n                        alert(obje.data);\r\n                    } else if (obje.status == 'error' && obje.state == 5) {\r\n                        alert(obje.data);\r\n                    } else {\r\n                        alert('Bilinmeyen bir hata olu\u015ftu. GSM numaras\u0131 girdi\u011finize emin olun. Sorunun devam etmesi halinde l\u00fctfen site y\u00f6neticisi ile ileti\u015fime ge\u00e7in.');\r\n                    }\r\n                }\r\n            });\r\n        }\r\n    <\/script>\r\n    <wc-order-attribution-inputs><\/wc-order-attribution-inputs><div class=\"woocommerce-privacy-policy-text\"><p>Ki\u015fisel verileriniz bu web sitesindeki deneyiminizi desteklemek, hesab\u0131n\u0131za eri\u015fimi y\u00f6netmek ve <a href=\"https:\/\/teacherpal.com.tr\/wwwweb\/?page_id=3\" class=\"woocommerce-privacy-policy-link\" target=\"_blank\">gizlilik ilkesi<\/a> sayfam\u0131zda a\u00e7\u0131klanan di\u011fer ama\u00e7lar i\u00e7in kullan\u0131lacakt\u0131r.<\/p>\n<\/div>\n\t\t\t<p class=\"woocommerce-form-row form-row\">\n\t\t\t\t<input type=\"hidden\" id=\"woocommerce-register-nonce\" name=\"woocommerce-register-nonce\" value=\"7dc6c7d200\" \/><input type=\"hidden\" name=\"_wp_http_referer\" value=\"\/wwwweb\/index.php?rest_route=%2Fwp%2Fv2%2Fpages%2F36\" \/>\t\t\t\t<button type=\"submit\" class=\"woocommerce-Button woocommerce-button button woocommerce-form-register__submit\" name=\"register\" value=\"\u00dcye Ol\">\u00dcye Ol<\/button>\n\t\t\t<\/p>\n\n\t\t\t\n\t\t<\/form>\n\n\t<\/div>\n\n<\/div>\n\n<\/div>\n","protected":false},"excerpt":{"rendered":"","protected":false},"author":1,"featured_media":0,"parent":0,"menu_order":0,"comment_status":"closed","ping_status":"closed","template":"","meta":{"footnotes":""},"class_list":["post-36","page","type-page","status-publish","hentry"],"_links":{"self":[{"href":"https:\/\/teacherpal.com.tr\/wwwweb\/index.php?rest_route=\/wp\/v2\/pages\/36","targetHints":{"allow":["GET"]}}],"collection":[{"href":"https:\/\/teacherpal.com.tr\/wwwweb\/index.php?rest_route=\/wp\/v2\/pages"}],"about":[{"href":"https:\/\/teacherpal.com.tr\/wwwweb\/index.php?rest_route=\/wp\/v2\/types\/page"}],"author":[{"embeddable":true,"href":"https:\/\/teacherpal.com.tr\/wwwweb\/index.php?rest_route=\/wp\/v2\/users\/1"}],"replies":[{"embeddable":true,"href":"https:\/\/teacherpal.com.tr\/wwwweb\/index.php?rest_route=%2Fwp%2Fv2%2Fcomments&post=36"}],"version-history":[{"count":0,"href":"https:\/\/teacherpal.com.tr\/wwwweb\/index.php?rest_route=\/wp\/v2\/pages\/36\/revisions"}],"wp:attachment":[{"href":"https:\/\/teacherpal.com.tr\/wwwweb\/index.php?rest_route=%2Fwp%2Fv2%2Fmedia&parent=36"}],"curies":[{"name":"wp","href":"https:\/\/api.w.org\/{rel}","templated":true}]}}